{"id":873,"date":"2024-12-04T12:15:58","date_gmt":"2024-12-04T12:15:58","guid":{"rendered":"https:\/\/www.airfsabugueiro.pt\/?page_id=873"},"modified":"2024-12-04T12:15:58","modified_gmt":"2024-12-04T12:15:58","slug":"2025-2","status":"publish","type":"page","link":"https:\/\/www.airfsabugueiro.pt\/index.php\/2025-2\/","title":{"rendered":"2025"},"content":{"rendered":"<div data-wp-interactive=\"\" class=\"wp-block-file\"><object data-wp-bind--hidden=\"!selectors.core.file.hasPdfPreview\" hidden class=\"wp-block-file__embed\" data=\"https:\/\/www.airfsabugueiro.pt\/wp-content\/uploads\/2024\/12\/Plano-Atividades.pdf\" type=\"application\/pdf\" style=\"width:100%;height:600px\" aria-label=\"Incorpora\u00e7\u00e3o de Plano Atividades.\"><\/object><a id=\"wp-block-file--media-ee01dc7d-c4aa-4ab9-936c-5ca53b33a298\" href=\"https:\/\/www.airfsabugueiro.pt\/wp-content\/uploads\/2024\/12\/Plano-Atividades.pdf\">Plano Atividades<\/a><a href=\"https:\/\/www.airfsabugueiro.pt\/wp-content\/uploads\/2024\/12\/Plano-Atividades.pdf\" class=\"wp-block-file__button wp-element-button\" download aria-describedby=\"wp-block-file--media-ee01dc7d-c4aa-4ab9-936c-5ca53b33a298\">Descarregar<\/a><\/div>\n\n\n\n<div data-wp-interactive=\"\" class=\"wp-block-file\"><object data-wp-bind--hidden=\"!selectors.core.file.hasPdfPreview\" hidden class=\"wp-block-file__embed\" data=\"https:\/\/www.airfsabugueiro.pt\/wp-content\/uploads\/2024\/12\/Parecer-do-conselho-fiscal.pdf\" type=\"application\/pdf\" style=\"width:100%;height:600px\" aria-label=\"Incorpora\u00e7\u00e3o de Parecer do conselho fiscal.\"><\/object><a id=\"wp-block-file--media-51134e8a-3979-4342-9bde-fbaa304e275d\" href=\"https:\/\/www.airfsabugueiro.pt\/wp-content\/uploads\/2024\/12\/Parecer-do-conselho-fiscal.pdf\">Parecer do conselho fiscal<\/a><a href=\"https:\/\/www.airfsabugueiro.pt\/wp-content\/uploads\/2024\/12\/Parecer-do-conselho-fiscal.pdf\" class=\"wp-block-file__button wp-element-button\" download aria-describedby=\"wp-block-file--media-51134e8a-3979-4342-9bde-fbaa304e275d\">Descarregar<\/a><\/div>\n\n\n\n<div data-wp-interactive=\"\" class=\"wp-block-file\"><object data-wp-bind--hidden=\"!selectors.core.file.hasPdfPreview\" hidden class=\"wp-block-file__embed\" data=\"https:\/\/www.airfsabugueiro.pt\/wp-content\/uploads\/2024\/12\/Plano-Acao-e-Orcamento.pdf\" type=\"application\/pdf\" style=\"width:100%;height:600px\" aria-label=\"Incorpora\u00e7\u00e3o de Plano A\u00e7\u00e3o e Or\u00e7amento.\"><\/object><a id=\"wp-block-file--media-0320817f-55af-4340-85c3-f4809c7f20cb\" href=\"https:\/\/www.airfsabugueiro.pt\/wp-content\/uploads\/2024\/12\/Plano-Acao-e-Orcamento.pdf\">Plano A\u00e7\u00e3o e Or\u00e7amento<\/a><a href=\"https:\/\/www.airfsabugueiro.pt\/wp-content\/uploads\/2024\/12\/Plano-Acao-e-Orcamento.pdf\" class=\"wp-block-file__button wp-element-button\" download aria-describedby=\"wp-block-file--media-0320817f-55af-4340-85c3-f4809c7f20cb\">Descarregar<\/a><\/div>\n\n\n\n<div data-wp-interactive=\"\" class=\"wp-block-file\"><object data-wp-bind--hidden=\"!selectors.core.file.hasPdfPreview\" hidden class=\"wp-block-file__embed\" data=\"https:\/\/www.airfsabugueiro.pt\/wp-content\/uploads\/2024\/12\/Memoria-Justificativa.pdf\" type=\"application\/pdf\" style=\"width:100%;height:600px\" aria-label=\"Incorpora\u00e7\u00e3o de Mem\u00f3ria Justificativa.\"><\/object><a id=\"wp-block-file--media-08389060-bed5-4d8b-821a-75412b288ee0\" href=\"https:\/\/www.airfsabugueiro.pt\/wp-content\/uploads\/2024\/12\/Memoria-Justificativa.pdf\">Mem\u00f3ria Justificativa<\/a><a href=\"https:\/\/www.airfsabugueiro.pt\/wp-content\/uploads\/2024\/12\/Memoria-Justificativa.pdf\" class=\"wp-block-file__button wp-element-button\" download aria-describedby=\"wp-block-file--media-08389060-bed5-4d8b-821a-75412b288ee0\">Descarregar<\/a><\/div>\n\n\n\n<div data-wp-interactive=\"\" class=\"wp-block-file\"><object data-wp-bind--hidden=\"!selectors.core.file.hasPdfPreview\" hidden class=\"wp-block-file__embed\" data=\"https:\/\/www.airfsabugueiro.pt\/wp-content\/uploads\/2024\/12\/Memoria-Justificativa-contabilidade.pdf\" type=\"application\/pdf\" style=\"width:100%;height:600px\" aria-label=\"Incorpora\u00e7\u00e3o de Mem\u00f3ria Justificativa contabilidade.\"><\/object><a id=\"wp-block-file--media-4debc42f-a825-48a2-959d-8ed4355c84de\" href=\"https:\/\/www.airfsabugueiro.pt\/wp-content\/uploads\/2024\/12\/Memoria-Justificativa-contabilidade.pdf\">Mem\u00f3ria Justificativa contabilidade<\/a><a href=\"https:\/\/www.airfsabugueiro.pt\/wp-content\/uploads\/2024\/12\/Memoria-Justificativa-contabilidade.pdf\" class=\"wp-block-file__button wp-element-button\" download aria-describedby=\"wp-block-file--media-4debc42f-a825-48a2-959d-8ed4355c84de\">Descarregar<\/a><\/div>","protected":false},"excerpt":{"rendered":"","protected":false},"author":2,"featured_media":0,"parent":0,"menu_order":0,"comment_status":"closed","ping_status":"closed","template":"","meta":{"footnotes":""},"_links":{"self":[{"href":"https:\/\/www.airfsabugueiro.pt\/index.php\/wp-json\/wp\/v2\/pages\/873"}],"collection":[{"href":"https:\/\/www.airfsabugueiro.pt\/index.php\/wp-json\/wp\/v2\/pages"}],"about":[{"href":"https:\/\/www.airfsabugueiro.pt\/index.php\/wp-json\/wp\/v2\/types\/page"}],"author":[{"embeddable":true,"href":"https:\/\/www.airfsabugueiro.pt\/index.php\/wp-json\/wp\/v2\/users\/2"}],"replies":[{"embeddable":true,"href":"https:\/\/www.airfsabugueiro.pt\/index.php\/wp-json\/wp\/v2\/comments?post=873"}],"version-history":[{"count":1,"href":"https:\/\/www.airfsabugueiro.pt\/index.php\/wp-json\/wp\/v2\/pages\/873\/revisions"}],"predecessor-version":[{"id":875,"href":"https:\/\/www.airfsabugueiro.pt\/index.php\/wp-json\/wp\/v2\/pages\/873\/revisions\/875"}],"wp:attachment":[{"href":"https:\/\/www.airfsabugueiro.pt\/index.php\/wp-json\/wp\/v2\/media?parent=873"}],"curies":[{"name":"wp","href":"https:\/\/api.w.org\/{rel}","templated":true}]}}