{"id":805,"date":"2024-01-04T12:12:08","date_gmt":"2024-01-04T12:12:08","guid":{"rendered":"https:\/\/www.airfsabugueiro.pt\/?page_id=805"},"modified":"2024-01-04T12:12:09","modified_gmt":"2024-01-04T12:12:09","slug":"2019-2","status":"publish","type":"page","link":"https:\/\/www.airfsabugueiro.pt\/index.php\/planos-e-orcamentos\/2019-2\/","title":{"rendered":"2019"},"content":{"rendered":"<div data-wp-interactive=\"\" class=\"wp-block-file\"><object data-wp-bind--hidden=\"!selectors.core.file.hasPdfPreview\" hidden class=\"wp-block-file__embed\" data=\"https:\/\/www.airfsabugueiro.pt\/wp-content\/uploads\/2019\/01\/Plano-de-A\u00e7\u00e3o-e-Or\u00e7amento-2019-3-compressed.pdf\" type=\"application\/pdf\" style=\"width:100%;height:600px\" aria-label=\"Incorpora\u00e7\u00e3o de Plano de A\u00e7\u00e3o e Or\u00e7amento 2019 (3)-compressed.\"><\/object><a id=\"wp-block-file--media-cfd8bd84-9ceb-4775-928d-bffffb46718d\" href=\"https:\/\/www.airfsabugueiro.pt\/wp-content\/uploads\/2019\/01\/Plano-de-A\u00e7\u00e3o-e-Or\u00e7amento-2019-3-compressed.pdf\">Plano de A\u00e7\u00e3o e Or\u00e7amento 2019 (3)-compressed<\/a><a href=\"https:\/\/www.airfsabugueiro.pt\/wp-content\/uploads\/2019\/01\/Plano-de-A\u00e7\u00e3o-e-Or\u00e7amento-2019-3-compressed.pdf\" class=\"wp-block-file__button wp-element-button\" download aria-describedby=\"wp-block-file--media-cfd8bd84-9ceb-4775-928d-bffffb46718d\">Descarregar<\/a><\/div>\n\n\n\n<div data-wp-interactive=\"\" class=\"wp-block-file\"><object data-wp-bind--hidden=\"!selectors.core.file.hasPdfPreview\" hidden class=\"wp-block-file__embed\" data=\"https:\/\/www.airfsabugueiro.pt\/wp-content\/uploads\/2018\/11\/plano-de-actividades-para-2019.pdf\" type=\"application\/pdf\" style=\"width:100%;height:600px\" aria-label=\"Incorpora\u00e7\u00e3o de plano de actividades para 2019.\"><\/object><a id=\"wp-block-file--media-f323d53c-9c43-4677-a708-ff7fb60d5e7e\" href=\"https:\/\/www.airfsabugueiro.pt\/wp-content\/uploads\/2018\/11\/plano-de-actividades-para-2019.pdf\">plano de actividades para 2019<\/a><a href=\"https:\/\/www.airfsabugueiro.pt\/wp-content\/uploads\/2018\/11\/plano-de-actividades-para-2019.pdf\" class=\"wp-block-file__button wp-element-button\" download aria-describedby=\"wp-block-file--media-f323d53c-9c43-4677-a708-ff7fb60d5e7e\">Descarregar<\/a><\/div>","protected":false},"excerpt":{"rendered":"","protected":false},"author":2,"featured_media":0,"parent":598,"menu_order":0,"comment_status":"closed","ping_status":"closed","template":"","meta":{"footnotes":""},"_links":{"self":[{"href":"https:\/\/www.airfsabugueiro.pt\/index.php\/wp-json\/wp\/v2\/pages\/805"}],"collection":[{"href":"https:\/\/www.airfsabugueiro.pt\/index.php\/wp-json\/wp\/v2\/pages"}],"about":[{"href":"https:\/\/www.airfsabugueiro.pt\/index.php\/wp-json\/wp\/v2\/types\/page"}],"author":[{"embeddable":true,"href":"https:\/\/www.airfsabugueiro.pt\/index.php\/wp-json\/wp\/v2\/users\/2"}],"replies":[{"embeddable":true,"href":"https:\/\/www.airfsabugueiro.pt\/index.php\/wp-json\/wp\/v2\/comments?post=805"}],"version-history":[{"count":1,"href":"https:\/\/www.airfsabugueiro.pt\/index.php\/wp-json\/wp\/v2\/pages\/805\/revisions"}],"predecessor-version":[{"id":806,"href":"https:\/\/www.airfsabugueiro.pt\/index.php\/wp-json\/wp\/v2\/pages\/805\/revisions\/806"}],"up":[{"embeddable":true,"href":"https:\/\/www.airfsabugueiro.pt\/index.php\/wp-json\/wp\/v2\/pages\/598"}],"wp:attachment":[{"href":"https:\/\/www.airfsabugueiro.pt\/index.php\/wp-json\/wp\/v2\/media?parent=805"}],"curies":[{"name":"wp","href":"https:\/\/api.w.org\/{rel}","templated":true}]}}