{"id":802,"date":"2024-01-04T12:09:52","date_gmt":"2024-01-04T12:09:52","guid":{"rendered":"https:\/\/www.airfsabugueiro.pt\/?page_id=802"},"modified":"2024-01-04T12:09:53","modified_gmt":"2024-01-04T12:09:53","slug":"2022-2","status":"publish","type":"page","link":"https:\/\/www.airfsabugueiro.pt\/index.php\/planos-e-orcamentos\/2022-2\/","title":{"rendered":"2022"},"content":{"rendered":"<div data-wp-interactive=\"\" class=\"wp-block-file\"><object data-wp-bind--hidden=\"!selectors.core.file.hasPdfPreview\" hidden class=\"wp-block-file__embed\" data=\"https:\/\/www.airfsabugueiro.pt\/wp-content\/uploads\/2022\/03\/Plano-A\u00e7\u00e3o-2022-compactado.pdf\" type=\"application\/pdf\" style=\"width:100%;height:600px\" aria-label=\"Incorpora\u00e7\u00e3o de Plano A\u00e7\u00e3o 2022-compactado.\"><\/object><a id=\"wp-block-file--media-04b1f100-ef0a-4d30-b704-cab816c79f03\" href=\"https:\/\/www.airfsabugueiro.pt\/wp-content\/uploads\/2022\/03\/Plano-A\u00e7\u00e3o-2022-compactado.pdf\">Plano A\u00e7\u00e3o 2022-compactado<\/a><a href=\"https:\/\/www.airfsabugueiro.pt\/wp-content\/uploads\/2022\/03\/Plano-A\u00e7\u00e3o-2022-compactado.pdf\" class=\"wp-block-file__button wp-element-button\" download aria-describedby=\"wp-block-file--media-04b1f100-ef0a-4d30-b704-cab816c79f03\">Descarregar<\/a><\/div>\n\n\n\n<div data-wp-interactive=\"\" class=\"wp-block-file\"><object data-wp-bind--hidden=\"!selectors.core.file.hasPdfPreview\" hidden class=\"wp-block-file__embed\" data=\"https:\/\/www.airfsabugueiro.pt\/wp-content\/uploads\/2022\/03\/Plano-de-Atividades-2022-compactado1.pdf\" type=\"application\/pdf\" style=\"width:100%;height:600px\" aria-label=\"Incorpora\u00e7\u00e3o de Plano de Atividades 2022-compactado(1).\"><\/object><a id=\"wp-block-file--media-e149f602-1d82-412a-b8f1-67e370801ced\" href=\"https:\/\/www.airfsabugueiro.pt\/wp-content\/uploads\/2022\/03\/Plano-de-Atividades-2022-compactado1.pdf\">Plano de Atividades 2022-compactado(1)<\/a><a href=\"https:\/\/www.airfsabugueiro.pt\/wp-content\/uploads\/2022\/03\/Plano-de-Atividades-2022-compactado1.pdf\" class=\"wp-block-file__button wp-element-button\" download aria-describedby=\"wp-block-file--media-e149f602-1d82-412a-b8f1-67e370801ced\">Descarregar<\/a><\/div>","protected":false},"excerpt":{"rendered":"","protected":false},"author":2,"featured_media":0,"parent":598,"menu_order":0,"comment_status":"closed","ping_status":"closed","template":"","meta":{"footnotes":""},"_links":{"self":[{"href":"https:\/\/www.airfsabugueiro.pt\/index.php\/wp-json\/wp\/v2\/pages\/802"}],"collection":[{"href":"https:\/\/www.airfsabugueiro.pt\/index.php\/wp-json\/wp\/v2\/pages"}],"about":[{"href":"https:\/\/www.airfsabugueiro.pt\/index.php\/wp-json\/wp\/v2\/types\/page"}],"author":[{"embeddable":true,"href":"https:\/\/www.airfsabugueiro.pt\/index.php\/wp-json\/wp\/v2\/users\/2"}],"replies":[{"embeddable":true,"href":"https:\/\/www.airfsabugueiro.pt\/index.php\/wp-json\/wp\/v2\/comments?post=802"}],"version-history":[{"count":1,"href":"https:\/\/www.airfsabugueiro.pt\/index.php\/wp-json\/wp\/v2\/pages\/802\/revisions"}],"predecessor-version":[{"id":803,"href":"https:\/\/www.airfsabugueiro.pt\/index.php\/wp-json\/wp\/v2\/pages\/802\/revisions\/803"}],"up":[{"embeddable":true,"href":"https:\/\/www.airfsabugueiro.pt\/index.php\/wp-json\/wp\/v2\/pages\/598"}],"wp:attachment":[{"href":"https:\/\/www.airfsabugueiro.pt\/index.php\/wp-json\/wp\/v2\/media?parent=802"}],"curies":[{"name":"wp","href":"https:\/\/api.w.org\/{rel}","templated":true}]}}