{"id":715,"date":"2024-01-03T13:47:22","date_gmt":"2024-01-03T13:47:22","guid":{"rendered":"https:\/\/www.airfsabugueiro.pt\/?page_id=715"},"modified":"2024-01-04T11:18:57","modified_gmt":"2024-01-04T11:18:57","slug":"2019-2","status":"publish","type":"page","link":"https:\/\/www.airfsabugueiro.pt\/index.php\/airfs\/orcamentos\/2019-2\/","title":{"rendered":"2019"},"content":{"rendered":"<div data-wp-interactive=\"\" class=\"wp-block-file\"><object data-wp-bind--hidden=\"!selectors.core.file.hasPdfPreview\" hidden class=\"wp-block-file__embed\" data=\"https:\/\/www.airfsabugueiro.pt\/wp-content\/uploads\/2020\/09\/Relatorio-Dire\u00e7\u00e3o.pdf\" type=\"application\/pdf\" style=\"width:100%;height:600px\" aria-label=\"Incorpora\u00e7\u00e3o de Relatorio Dire\u00e7\u00e3o.\"><\/object><a id=\"wp-block-file--media-ee21ac53-8a6b-4a52-b1e5-1a9d54030f11\" href=\"https:\/\/www.airfsabugueiro.pt\/wp-content\/uploads\/2020\/09\/Relatorio-Dire\u00e7\u00e3o.pdf\">Relatorio Dire\u00e7\u00e3o<\/a><a href=\"https:\/\/www.airfsabugueiro.pt\/wp-content\/uploads\/2020\/09\/Relatorio-Dire\u00e7\u00e3o.pdf\" class=\"wp-block-file__button wp-element-button\" download aria-describedby=\"wp-block-file--media-ee21ac53-8a6b-4a52-b1e5-1a9d54030f11\">Descarregar<\/a><\/div>\n\n\n\n<div data-wp-interactive=\"\" class=\"wp-block-file\"><object data-wp-bind--hidden=\"!selectors.core.file.hasPdfPreview\" hidden class=\"wp-block-file__embed\" data=\"https:\/\/www.airfsabugueiro.pt\/wp-content\/uploads\/2020\/09\/Demonstra\u00e7oes-financeiras-2019.pdf\" type=\"application\/pdf\" style=\"width:100%;height:600px\" aria-label=\"Incorpora\u00e7\u00e3o de Demonstra\u00e7oes financeiras 2019.\"><\/object><a id=\"wp-block-file--media-96fe26f0-4602-4de3-9dc2-574f7b075af4\" href=\"https:\/\/www.airfsabugueiro.pt\/wp-content\/uploads\/2020\/09\/Demonstra\u00e7oes-financeiras-2019.pdf\">Demonstra\u00e7oes financeiras 2019<\/a><a href=\"https:\/\/www.airfsabugueiro.pt\/wp-content\/uploads\/2020\/09\/Demonstra\u00e7oes-financeiras-2019.pdf\" class=\"wp-block-file__button wp-element-button\" download aria-describedby=\"wp-block-file--media-96fe26f0-4602-4de3-9dc2-574f7b075af4\">Descarregar<\/a><\/div>","protected":false},"excerpt":{"rendered":"","protected":false},"author":1,"featured_media":0,"parent":570,"menu_order":0,"comment_status":"closed","ping_status":"closed","template":"","meta":{"footnotes":""},"_links":{"self":[{"href":"https:\/\/www.airfsabugueiro.pt\/index.php\/wp-json\/wp\/v2\/pages\/715"}],"collection":[{"href":"https:\/\/www.airfsabugueiro.pt\/index.php\/wp-json\/wp\/v2\/pages"}],"about":[{"href":"https:\/\/www.airfsabugueiro.pt\/index.php\/wp-json\/wp\/v2\/types\/page"}],"author":[{"embeddable":true,"href":"https:\/\/www.airfsabugueiro.pt\/index.php\/wp-json\/wp\/v2\/users\/1"}],"replies":[{"embeddable":true,"href":"https:\/\/www.airfsabugueiro.pt\/index.php\/wp-json\/wp\/v2\/comments?post=715"}],"version-history":[{"count":4,"href":"https:\/\/www.airfsabugueiro.pt\/index.php\/wp-json\/wp\/v2\/pages\/715\/revisions"}],"predecessor-version":[{"id":789,"href":"https:\/\/www.airfsabugueiro.pt\/index.php\/wp-json\/wp\/v2\/pages\/715\/revisions\/789"}],"up":[{"embeddable":true,"href":"https:\/\/www.airfsabugueiro.pt\/index.php\/wp-json\/wp\/v2\/pages\/570"}],"wp:attachment":[{"href":"https:\/\/www.airfsabugueiro.pt\/index.php\/wp-json\/wp\/v2\/media?parent=715"}],"curies":[{"name":"wp","href":"https:\/\/api.w.org\/{rel}","templated":true}]}}