{"id":570,"date":"2018-03-25T15:18:35","date_gmt":"2018-03-25T15:18:35","guid":{"rendered":"http:\/\/www.airfsabugueiro.pt\/?page_id=570"},"modified":"2024-01-03T13:14:40","modified_gmt":"2024-01-03T13:14:40","slug":"orcamentos","status":"publish","type":"page","link":"https:\/\/www.airfsabugueiro.pt\/index.php\/airfs\/orcamentos\/","title":{"rendered":"Contas de Exerc\u00edcios e Or\u00e7amentos"},"content":{"rendered":"<p><span style=\"font-size: 14pt;\"><strong>2017<\/strong><\/span><\/p>\n<p><a href=\"https:\/\/www.airfsabugueiro.pt\/wp-content\/uploads\/2017\/03\/relatorio-2017_compressed.pdf\">relat\u00f3rio 2017<\/a><\/p>\n<p><a href=\"https:\/\/www.airfsabugueiro.pt\/wp-content\/uploads\/2017\/03\/Balan\u00e7o-2017-compactado.pdf\">Balan\u00e7o 2017<\/a><\/p>\n<p><a href=\"https:\/\/www.airfsabugueiro.pt\/wp-content\/uploads\/2017\/03\/Anexo-\u00e0s-Demonstra\u00e7\u00f5es-Finaceiras-2017-compactado.pdf\">Anexo \u00e0s Demonstra\u00e7\u00f5es Finaceiras 2017<\/a><\/p>\n<p><a href=\"https:\/\/www.airfsabugueiro.pt\/wp-content\/uploads\/2017\/03\/DEMONSTRA\u00c7\u00c3O-DOS-RESULTADOS-POR-NATUREZAS-2017_compressed.pdf\">DEMONSTRA\u00c7\u00c3O DOS RESULTADOS POR NATUREZAS 2017<\/a><\/p>\n\n","protected":false},"excerpt":{"rendered":"<p>2017 relat\u00f3rio 2017 Balan\u00e7o 2017 Anexo \u00e0s Demonstra\u00e7\u00f5es Finaceiras 2017 DEMONSTRA\u00c7\u00c3O DOS RESULTADOS POR NATUREZAS 2017<\/p>","protected":false},"author":2,"featured_media":0,"parent":2,"menu_order":0,"comment_status":"closed","ping_status":"closed","template":"","meta":{"footnotes":""},"_links":{"self":[{"href":"https:\/\/www.airfsabugueiro.pt\/index.php\/wp-json\/wp\/v2\/pages\/570"}],"collection":[{"href":"https:\/\/www.airfsabugueiro.pt\/index.php\/wp-json\/wp\/v2\/pages"}],"about":[{"href":"https:\/\/www.airfsabugueiro.pt\/index.php\/wp-json\/wp\/v2\/types\/page"}],"author":[{"embeddable":true,"href":"https:\/\/www.airfsabugueiro.pt\/index.php\/wp-json\/wp\/v2\/users\/2"}],"replies":[{"embeddable":true,"href":"https:\/\/www.airfsabugueiro.pt\/index.php\/wp-json\/wp\/v2\/comments?post=570"}],"version-history":[{"count":5,"href":"https:\/\/www.airfsabugueiro.pt\/index.php\/wp-json\/wp\/v2\/pages\/570\/revisions"}],"predecessor-version":[{"id":699,"href":"https:\/\/www.airfsabugueiro.pt\/index.php\/wp-json\/wp\/v2\/pages\/570\/revisions\/699"}],"up":[{"embeddable":true,"href":"https:\/\/www.airfsabugueiro.pt\/index.php\/wp-json\/wp\/v2\/pages\/2"}],"wp:attachment":[{"href":"https:\/\/www.airfsabugueiro.pt\/index.php\/wp-json\/wp\/v2\/media?parent=570"}],"curies":[{"name":"wp","href":"https:\/\/api.w.org\/{rel}","templated":true}]}}