{"id":2,"date":"2017-02-15T18:01:11","date_gmt":"2017-02-15T18:01:11","guid":{"rendered":"http:\/\/localhost\/wordpress\/?page_id=2"},"modified":"2023-10-12T08:45:59","modified_gmt":"2023-10-12T08:45:59","slug":"airfs","status":"publish","type":"page","link":"https:\/\/www.airfsabugueiro.pt\/index.php\/airfs\/","title":{"rendered":"A AIRFS"},"content":{"rendered":"<p style=\"text-align: justify;\">A Associa\u00e7\u00e3o de Idosos e Reformados da Freguesia de Sabugueiro \u00e9 uma Institui\u00e7\u00e3o Particular de Solidariedade Social, que apresenta como objetivo contribuir para a qualidade de vida dos utentes com base na satisfa\u00e7\u00e3o das necessidades b\u00e1sicas atrav\u00e9s das respostas sociais de Centro de Conv\u00edvio, Centro de Dia e Estrutura Residencial para Pessoas Idosas.<\/p>","protected":false},"excerpt":{"rendered":"<p>A Associa\u00e7\u00e3o de Idosos e Reformados da Freguesia de Sabugueiro \u00e9 uma Institui\u00e7\u00e3o Particular de Solidariedade Social, que apresenta como objetivo contribuir para a qualidade de vida dos utentes com base na satisfa\u00e7\u00e3o das necessidades b\u00e1sicas atrav\u00e9s das respostas sociais de Centro de Conv\u00edvio, Centro de Dia e Estrutura Residencial para Pessoas Idosas.<\/p>","protected":false},"author":1,"featured_media":666,"parent":0,"menu_order":0,"comment_status":"closed","ping_status":"closed","template":"templates\/home-template.php","meta":{"footnotes":""},"_links":{"self":[{"href":"https:\/\/www.airfsabugueiro.pt\/index.php\/wp-json\/wp\/v2\/pages\/2"}],"collection":[{"href":"https:\/\/www.airfsabugueiro.pt\/index.php\/wp-json\/wp\/v2\/pages"}],"about":[{"href":"https:\/\/www.airfsabugueiro.pt\/index.php\/wp-json\/wp\/v2\/types\/page"}],"author":[{"embeddable":true,"href":"https:\/\/www.airfsabugueiro.pt\/index.php\/wp-json\/wp\/v2\/users\/1"}],"replies":[{"embeddable":true,"href":"https:\/\/www.airfsabugueiro.pt\/index.php\/wp-json\/wp\/v2\/comments?post=2"}],"version-history":[{"count":3,"href":"https:\/\/www.airfsabugueiro.pt\/index.php\/wp-json\/wp\/v2\/pages\/2\/revisions"}],"predecessor-version":[{"id":18,"href":"https:\/\/www.airfsabugueiro.pt\/index.php\/wp-json\/wp\/v2\/pages\/2\/revisions\/18"}],"wp:featuredmedia":[{"embeddable":true,"href":"https:\/\/www.airfsabugueiro.pt\/index.php\/wp-json\/wp\/v2\/media\/666"}],"wp:attachment":[{"href":"https:\/\/www.airfsabugueiro.pt\/index.php\/wp-json\/wp\/v2\/media?parent=2"}],"curies":[{"name":"wp","href":"https:\/\/api.w.org\/{rel}","templated":true}]}}